{"id":9,"date":"2021-02-16T17:22:13","date_gmt":"2021-02-16T17:22:13","guid":{"rendered":"https:\/\/gpsites.co\/cloud\/?page_id=9"},"modified":"2023-01-31T23:04:50","modified_gmt":"2023-01-31T23:04:50","slug":"home","status":"publish","type":"page","link":"https:\/\/vibrover.com\/cat\/","title":{"rendered":"Home"},"content":{"rendered":"<div class=\"gb-container gb-container-6bff6dc5\"><div class=\"gb-inside-container\">\n<div class=\"gb-grid-wrapper gb-grid-wrapper-d3ef8476\">\n<div class=\"gb-grid-column gb-grid-column-1441dfeb\"><div class=\"gb-container gb-container-1441dfeb\"><div class=\"gb-inside-container\">\n\n<h1 class=\"gb-headline gb-headline-1f9858a2 gb-headline-text\"><\/h1>\n\n\n\n<p class=\"gb-headline gb-headline-3560bafb gb-headline-text\">Som una empresa familiar amb m\u00e9s de 30 anys d&#8217;experi\u00e8ncia en el tractament de metalls per mitj\u00e0 de processos de vibraci\u00f3, amb les m\u00e9s altes qualitats i buscant solucions per a cada una de les necessitats dels nostres clients.<\/p>\n\n\n\n<p class=\"has-base-3-color has-text-color\">El nostre valor diferencial \u00e9s el comprom\u00eds i participaci\u00f3 en el desenvolupament del proc\u00e9s de la pe\u00e7a, per a optimitzar costos.<\/p>\n\n\n\n<p class=\"has-base-3-color has-text-color\">Solucions a mida, amb preus competitius i sempre amb la m\u00e0xima qualitat. Per\u00f2 sens dubte, el nostre valor m\u00e9s diferenciat \u00e9s el comprom\u00eds personal, nom\u00e9s aix\u00ed es pot garantitzar el resultat.<\/p>\n\n<\/div><\/div><\/div>\n<\/div>\n<\/div><\/div>\n\n<div class=\"gb-container gb-container-db4b16e0\"><div class=\"gb-inside-container\">\n<div class=\"gb-grid-wrapper gb-grid-wrapper-8aea13f1\">\n<div class=\"gb-grid-column gb-grid-column-ba6b213d\"><div class=\"gb-container gb-container-ba6b213d\"><div class=\"gb-inside-container\">\n\n<p class=\"gb-headline gb-headline-79a1c004\"><span class=\"gb-icon\"><svg viewBox=\"0 0 16 16\" class=\"bi bi-trophy\" fill=\"currentColor\" height=\"16\" width=\"16\" xmlns=\"http:\/\/www.w3.org\/2000\/svg\">   <path d=\"M2.5.5A.5.5 0 0 1 3 0h10a.5.5 0 0 1 .5.5c0 .538-.012 1.05-.034 1.536a3 3 0 1 1-1.133 5.89c-.79 1.865-1.878 2.777-2.833 3.011v2.173l1.425.356c.194.048.377.135.537.255L13.3 15.1a.5.5 0 0 1-.3.9H3a.5.5 0 0 1-.3-.9l1.838-1.379c.16-.12.343-.207.537-.255L6.5 13.11v-2.173c-.955-.234-2.043-1.146-2.833-3.012a3 3 0 1 1-1.132-5.89A33.076 33.076 0 0 1 2.5.5zm.099 2.54a2 2 0 0 0 .72 3.935c-.333-1.05-.588-2.346-.72-3.935zm10.083 3.935a2 2 0 0 0 .72-3.935c-.133 1.59-.388 2.885-.72 3.935zM3.504 1c.007.517.026 1.006.056 1.469.13 2.028.457 3.546.87 4.667C5.294 9.48 6.484 10 7 10a.5.5 0 0 1 .5.5v2.61a1 1 0 0 1-.757.97l-1.426.356a.5.5 0 0 0-.179.085L4.5 15h7l-.638-.479a.501.501 0 0 0-.18-.085l-1.425-.356a1 1 0 0 1-.757-.97V10.5A.5.5 0 0 1 9 10c.516 0 1.706-.52 2.57-2.864.413-1.12.74-2.64.87-4.667.03-.463.049-.952.056-1.469H3.504z\"><\/path> <\/svg><\/span><span class=\"gb-headline-text\"><a href=\"http:\/\/cat\/procesos\/\" data-type=\"URL\" data-id=\"cat\/procesos\/\">PROCESSOS<\/a><\/span><\/p>\n\n\n\n<p class=\"gb-headline gb-headline-54757213 gb-headline-text\">Oferim un nou concepte d&#8217;acabats en el camp de la pulimentaci\u00f3.<\/p>\n\n<\/div><\/div><\/div>\n\n<div class=\"gb-grid-column gb-grid-column-9bc069e7\"><div class=\"gb-container gb-container-9bc069e7\"><div class=\"gb-inside-container\">\n\n<p class=\"gb-headline gb-headline-206f673d\"><span class=\"gb-icon\"><svg viewBox=\"0 0 16 16\" class=\"bi bi-lock\" fill=\"currentColor\" height=\"16\" width=\"16\" xmlns=\"http:\/\/www.w3.org\/2000\/svg\">   <path d=\"M8 1a2 2 0 0 1 2 2v4H6V3a2 2 0 0 1 2-2zm3 6V3a3 3 0 0 0-6 0v4a2 2 0 0 0-2 2v5a2 2 0 0 0 2 2h6a2 2 0 0 0 2-2V9a2 2 0 0 0-2-2zM5 8h6a1 1 0 0 1 1 1v5a1 1 0 0 1-1 1H5a1 1 0 0 1-1-1V9a1 1 0 0 1 1-1z\"><\/path> <\/svg><\/span><span class=\"gb-headline-text\"><a href=\"http:\/\/cat\/calidad\/\" data-type=\"URL\" data-id=\"cat\/calidad\/\">QUALITAT<\/a> <\/span><\/p>\n\n\n\n<p class=\"gb-headline gb-headline-86a1fadd gb-headline-text\">La qualitat \u00e9s el nostre objectiu principal.<\/p>\n\n<\/div><\/div><\/div>\n\n<div class=\"gb-grid-column gb-grid-column-989b8c14\"><div class=\"gb-container gb-container-989b8c14\"><div class=\"gb-inside-container\">\n\n<p class=\"gb-headline gb-headline-9bd1ddd3\"><span class=\"gb-icon\"><svg viewBox=\"0 0 16 16\" class=\"bi bi-shield-check\" fill=\"currentColor\" height=\"16\" width=\"16\" xmlns=\"http:\/\/www.w3.org\/2000\/svg\">   <path d=\"M5.338 1.59a61.44 61.44 0 0 0-2.837.856.481.481 0 0 0-.328.39c-.554 4.157.726 7.19 2.253 9.188a10.725 10.725 0 0 0 2.287 2.233c.346.244.652.42.893.533.12.057.218.095.293.118a.55.55 0 0 0 .101.025.615.615 0 0 0 .1-.025c.076-.023.174-.061.294-.118.24-.113.547-.29.893-.533a10.726 10.726 0 0 0 2.287-2.233c1.527-1.997 2.807-5.031 2.253-9.188a.48.48 0 0 0-.328-.39c-.651-.213-1.75-.56-2.837-.855C9.552 1.29 8.531 1.067 8 1.067c-.53 0-1.552.223-2.662.524zM5.072.56C6.157.265 7.31 0 8 0s1.843.265 2.928.56c1.11.3 2.229.655 2.887.87a1.54 1.54 0 0 1 1.044 1.262c.596 4.477-.787 7.795-2.465 9.99a11.775 11.775 0 0 1-2.517 2.453 7.159 7.159 0 0 1-1.048.625c-.28.132-.581.24-.829.24s-.548-.108-.829-.24a7.158 7.158 0 0 1-1.048-.625 11.777 11.777 0 0 1-2.517-2.453C1.928 10.487.545 7.169 1.141 2.692A1.54 1.54 0 0 1 2.185 1.43 62.456 62.456 0 0 1 5.072.56z\"><\/path>   <path d=\"M10.854 5.146a.5.5 0 0 1 0 .708l-3 3a.5.5 0 0 1-.708 0l-1.5-1.5a.5.5 0 1 1 .708-.708L7.5 7.793l2.646-2.647a.5.5 0 0 1 .708 0z\"><\/path> <\/svg><\/span><span class=\"gb-headline-text\"><a href=\"http:\/\/cat\/medio-ambiente\/\" data-type=\"URL\" data-id=\"cat\/medio-ambiente\/\">COMPROM\u00cdS<\/a><\/span><\/p>\n\n\n\n<p class=\"gb-headline gb-headline-d4d3a263 gb-headline-text\">Compromesos amb el medi ambient.<\/p>\n\n<\/div><\/div><\/div>\n<\/div>\n<\/div><\/div>\n\n<div class=\"gb-container gb-container-43749417\"><div class=\"gb-inside-container\">\n<div class=\"gb-grid-wrapper gb-grid-wrapper-1f62c587\">\n<div class=\"gb-grid-column gb-grid-column-e080cabf\"><div class=\"gb-container gb-container-e080cabf\"><div class=\"gb-inside-container\">\n\n<h2 class=\"gb-headline gb-headline-0dc2fc2d gb-headline-text\">Alguns testimonis<\/h2>\n\n\n<div class=\"gb-grid-wrapper gb-grid-wrapper-786a4ac2\">\n<div class=\"gb-grid-column gb-grid-column-d2b62344\"><div class=\"gb-container gb-container-d2b62344\"><div class=\"gb-inside-container\">\n\n<div class=\"gb-headline gb-headline-0ad6d8ed\"><span class=\"gb-icon\"><svg viewBox=\"0 0 40 28\" xmlns=\"http:\/\/www.w3.org\/2000\/svg\"><path d=\"M30.6 28c-5.2 0-9.4-4.2-9.4-9.4C21.2 8 25.5 1 25.7.7l.5-.7H33l-.6 2C31.9 3.9 31 7.4 31 8.6v.6c2.4.1 4.6 1.1 6.3 2.8 1.7 1.8 2.7 4.1 2.7 6.6 0 5.2-4.2 9.4-9.4 9.4zM27.9 3.1c-1 2-3.6 7.7-3.6 15.5 0 3.4 2.8 6.2 6.2 6.2s6.2-2.8 6.2-6.2-2.7-6.2-6.1-6.2h-.1c-1.4 0-2-.7-2.4-1.3-.4-.7-.4-1.5-.4-2.4 0-1.2.6-3.7 1-5.5l-.8-.1zm2.7 6.1zM9.4 28C4.2 28 0 23.8 0 18.6 0 8 4.3 1 4.5.7l.4-.7h6.8l-.6 2c-.6 1.9-1.4 5.5-1.4 6.6v.6c2.4.1 4.6 1.1 6.3 2.8 1.7 1.8 2.7 4.1 2.7 6.6 0 5.2-4.2 9.4-9.3 9.4zM6.7 3.1c-1 2-3.6 7.7-3.6 15.5 0 3.4 2.8 6.2 6.2 6.2s6.2-2.8 6.2-6.2-2.7-6.2-6.1-6.2c-1.4 0-2-.7-2.4-1.3-.4-.7-.4-1.5-.4-2.4 0-1.2.6-3.7 1-5.5l-.9-.1zm2.7 6.1z\"><\/path><\/svg><\/span><\/div>\n\n\n\n<p>Referente a la empresa de pulidos y abrillantados Vibrover, decir que tienen un servicio excelente tanto en calidad como en plazos de entrega.<\/p>\n\n\n\n<p class=\"has-contrast-2-color has-text-color\">La parte administrativa como la de producci\u00f3n tienen un trato cordial y familiar. <br>&#8211; <em>Manuel Lojo<\/em><\/p>\n\n<\/div><\/div><\/div>\n\n<div class=\"gb-grid-column gb-grid-column-3af42a84\"><div class=\"gb-container gb-container-3af42a84\"><div class=\"gb-inside-container\">\n\n<div class=\"gb-headline gb-headline-a0d5051a\"><span class=\"gb-icon\"><svg viewBox=\"0 0 40 28\" xmlns=\"http:\/\/www.w3.org\/2000\/svg\"><path d=\"M30.6 28c-5.2 0-9.4-4.2-9.4-9.4C21.2 8 25.5 1 25.7.7l.5-.7H33l-.6 2C31.9 3.9 31 7.4 31 8.6v.6c2.4.1 4.6 1.1 6.3 2.8 1.7 1.8 2.7 4.1 2.7 6.6 0 5.2-4.2 9.4-9.4 9.4zM27.9 3.1c-1 2-3.6 7.7-3.6 15.5 0 3.4 2.8 6.2 6.2 6.2s6.2-2.8 6.2-6.2-2.7-6.2-6.1-6.2h-.1c-1.4 0-2-.7-2.4-1.3-.4-.7-.4-1.5-.4-2.4 0-1.2.6-3.7 1-5.5l-.8-.1zm2.7 6.1zM9.4 28C4.2 28 0 23.8 0 18.6 0 8 4.3 1 4.5.7l.4-.7h6.8l-.6 2c-.6 1.9-1.4 5.5-1.4 6.6v.6c2.4.1 4.6 1.1 6.3 2.8 1.7 1.8 2.7 4.1 2.7 6.6 0 5.2-4.2 9.4-9.3 9.4zM6.7 3.1c-1 2-3.6 7.7-3.6 15.5 0 3.4 2.8 6.2 6.2 6.2s6.2-2.8 6.2-6.2-2.7-6.2-6.1-6.2c-1.4 0-2-.7-2.4-1.3-.4-.7-.4-1.5-.4-2.4 0-1.2.6-3.7 1-5.5l-.9-.1zm2.7 6.1z\"><\/path><\/svg><\/span><\/div>\n\n\n\n<p>Empresa con una larga trayectoria profesional y con un gran equipo humano, muy experto, amable y con ganas de aportar soluciones.<\/p>\n\n\n\n<p>Su servicio lo podemos valorar de gran calidad y por lo que es nuestra empresa referente en acabados superficiales. <br>&#8211; <em><em>Joan Carles Subirana.<\/em><\/em><\/p>\n\n\n\n<p class=\"gb-headline gb-headline-29483251 gb-headline-text\"><\/p>\n\n<\/div><\/div><\/div>\n<\/div>\n<\/div><\/div><\/div>\n\n<div class=\"gb-grid-column gb-grid-column-d4b19547\"><div class=\"gb-container gb-container-d4b19547\"><div class=\"gb-inside-container\">\n<div class=\"gb-grid-wrapper gb-grid-wrapper-7690114d\">\n<div class=\"gb-grid-column gb-grid-column-3f2c4aad\"><div class=\"gb-container gb-container-3f2c4aad\"><div class=\"gb-inside-container\">\n\n<div class=\"gb-headline gb-headline-137bfb94\"><span class=\"gb-icon\"><svg viewBox=\"0 0 40 28\" xmlns=\"http:\/\/www.w3.org\/2000\/svg\"><path d=\"M30.6 28c-5.2 0-9.4-4.2-9.4-9.4C21.2 8 25.5 1 25.7.7l.5-.7H33l-.6 2C31.9 3.9 31 7.4 31 8.6v.6c2.4.1 4.6 1.1 6.3 2.8 1.7 1.8 2.7 4.1 2.7 6.6 0 5.2-4.2 9.4-9.4 9.4zM27.9 3.1c-1 2-3.6 7.7-3.6 15.5 0 3.4 2.8 6.2 6.2 6.2s6.2-2.8 6.2-6.2-2.7-6.2-6.1-6.2h-.1c-1.4 0-2-.7-2.4-1.3-.4-.7-.4-1.5-.4-2.4 0-1.2.6-3.7 1-5.5l-.8-.1zm2.7 6.1zM9.4 28C4.2 28 0 23.8 0 18.6 0 8 4.3 1 4.5.7l.4-.7h6.8l-.6 2c-.6 1.9-1.4 5.5-1.4 6.6v.6c2.4.1 4.6 1.1 6.3 2.8 1.7 1.8 2.7 4.1 2.7 6.6 0 5.2-4.2 9.4-9.3 9.4zM6.7 3.1c-1 2-3.6 7.7-3.6 15.5 0 3.4 2.8 6.2 6.2 6.2s6.2-2.8 6.2-6.2-2.7-6.2-6.1-6.2c-1.4 0-2-.7-2.4-1.3-.4-.7-.4-1.5-.4-2.4 0-1.2.6-3.7 1-5.5l-.9-.1zm2.7 6.1z\"><\/path><\/svg><\/span><\/div>\n\n\n\n<p class=\"gb-headline gb-headline-6894d99c gb-headline-text\">Desde el 2014 colaboramos con Vibrover y la experiencia es muy favorable. Confirmo que ser el referente en su sector se lo ganan cada d\u00eda, desde la recepci\u00f3n hasta la expedici\u00f3n del material encargado. Santiago y Mari os animo a mantener esta l\u00ednea. <br><em><em>\u2013 Rafel Sanchez.<\/em><\/em><\/p>\n\n\n\n<p class=\"gb-headline gb-headline-3af94b0d gb-headline-text\"><\/p>\n\n<\/div><\/div><\/div>\n\n<div class=\"gb-grid-column gb-grid-column-c88fd8e7\"><div class=\"gb-container gb-container-c88fd8e7\"><div class=\"gb-inside-container\">\n\n<div class=\"gb-headline gb-headline-fbd30446\"><span class=\"gb-icon\"><svg viewBox=\"0 0 40 28\" xmlns=\"http:\/\/www.w3.org\/2000\/svg\"><path d=\"M30.6 28c-5.2 0-9.4-4.2-9.4-9.4C21.2 8 25.5 1 25.7.7l.5-.7H33l-.6 2C31.9 3.9 31 7.4 31 8.6v.6c2.4.1 4.6 1.1 6.3 2.8 1.7 1.8 2.7 4.1 2.7 6.6 0 5.2-4.2 9.4-9.4 9.4zM27.9 3.1c-1 2-3.6 7.7-3.6 15.5 0 3.4 2.8 6.2 6.2 6.2s6.2-2.8 6.2-6.2-2.7-6.2-6.1-6.2h-.1c-1.4 0-2-.7-2.4-1.3-.4-.7-.4-1.5-.4-2.4 0-1.2.6-3.7 1-5.5l-.8-.1zm2.7 6.1zM9.4 28C4.2 28 0 23.8 0 18.6 0 8 4.3 1 4.5.7l.4-.7h6.8l-.6 2c-.6 1.9-1.4 5.5-1.4 6.6v.6c2.4.1 4.6 1.1 6.3 2.8 1.7 1.8 2.7 4.1 2.7 6.6 0 5.2-4.2 9.4-9.3 9.4zM6.7 3.1c-1 2-3.6 7.7-3.6 15.5 0 3.4 2.8 6.2 6.2 6.2s6.2-2.8 6.2-6.2-2.7-6.2-6.1-6.2c-1.4 0-2-.7-2.4-1.3-.4-.7-.4-1.5-.4-2.4 0-1.2.6-3.7 1-5.5l-.9-.1zm2.7 6.1z\"><\/path><\/svg><\/span><\/div>\n\n\n\n<p class=\"gb-headline gb-headline-b07d08e6 gb-headline-text\">Contamos con Vibrover desde hace muchos a\u00f1os para el acabado de todos nuestros productos. Trabajar con ellos es sin\u00f3nimo a alta calidad y buen servicio. <br><em><em>\u2013 Mireia Mart\u00ednez.<\/em><\/em><\/p>\n\n\n\n<p class=\"gb-headline gb-headline-1988c5fb gb-headline-text\"><\/p>\n\n<\/div><\/div><\/div>\n<\/div>\n<\/div><\/div><\/div>\n<\/div>\n<\/div><\/div>\n\n<div class=\"gb-container gb-container-f7eecdb5\"><div class=\"gb-inside-container\">\n\n<h3 class=\"gb-headline gb-headline-23fd6d0f\"><span class=\"gb-icon\"><svg xmlns=\"http:\/\/www.w3.org\/2000\/svg\" viewBox=\"0 0 8.145 54.189\"><path d=\"M4.262 40.052V0l-.439.438v39.613l.439.001zm-.439 3.853v9.845l.438.438.001-10.284-.439.001zm3.883-11.29v17.518l.439-.439V32.615h-.439zm0-8.273h.439V9.495l-.439-.439v15.286zM.439 21.074V4.056L0 4.495l.001 16.579h.438zm.001 6.274l-.439-.001v19.347l.439.439V27.348z\"><\/path><\/svg><\/span><span class=\"gb-headline-text\">ELS NOSTRES PROCESSOS<\/span><\/h3>\n\n\n<div class=\"gb-grid-wrapper gb-grid-wrapper-330be022\">\n<div class=\"gb-grid-column gb-grid-column-00b9f36c\"><div class=\"gb-container gb-container-00b9f36c\"><div class=\"gb-inside-container\">\n\n<h4 class=\"gb-headline gb-headline-bafeb5f6\"><span class=\"gb-icon\"><svg aria-hidden=\"true\" role=\"img\" height=\"1em\" width=\"1em\" viewBox=\"0 0 496 512\" xmlns=\"http:\/\/www.w3.org\/2000\/svg\"><path fill=\"currentColor\" d=\"M248 8C111.03 8 0 119.03 0 256s111.03 248 248 248 248-111.03 248-248S384.97 8 248 8zm0 432c-101.69 0-184-82.29-184-184 0-101.69 82.29-184 184-184 101.69 0 184 82.29 184 184 0 101.69-82.29 184-184 184zm0-312c-70.69 0-128 57.31-128 128s57.31 128 128 128 128-57.31 128-128-57.31-128-128-128zm0 192c-35.29 0-64-28.71-64-64s28.71-64 64-64 64 28.71 64 64-28.71 64-64 64z\"><\/path><\/svg><\/span><span class=\"gb-headline-text\">Poliment per vibraci\u00f3<\/span><\/h4>\n\n\n\n<p class=\"gb-headline gb-headline-0416fe8d gb-headline-text\">Experts en afinar superf\u00edcies, eliminar rebaves, suavitzar plans i arrodonir cantonades.<\/p>\n\n<\/div><\/div><\/div>\n\n<div class=\"gb-grid-column gb-grid-column-69fe2156\"><div class=\"gb-container gb-container-69fe2156\"><div class=\"gb-inside-container\">\n\n<h4 class=\"gb-headline gb-headline-1887caaf\"><span class=\"gb-icon\"><svg aria-hidden=\"true\" role=\"img\" height=\"1em\" width=\"1em\" viewBox=\"0 0 512 512\" xmlns=\"http:\/\/www.w3.org\/2000\/svg\"><path fill=\"currentColor\" d=\"M478.21 334.093L336 256l142.21-78.093c11.795-6.477 15.961-21.384 9.232-33.037l-19.48-33.741c-6.728-11.653-21.72-15.499-33.227-8.523L296 186.718l3.475-162.204C299.763 11.061 288.937 0 275.48 0h-38.96c-13.456 0-24.283 11.061-23.994 24.514L216 186.718 77.265 102.607c-11.506-6.976-26.499-3.13-33.227 8.523l-19.48 33.741c-6.728 11.653-2.562 26.56 9.233 33.037L176 256 33.79 334.093c-11.795 6.477-15.961 21.384-9.232 33.037l19.48 33.741c6.728 11.653 21.721 15.499 33.227 8.523L216 325.282l-3.475 162.204C212.237 500.939 223.064 512 236.52 512h38.961c13.456 0 24.283-11.061 23.995-24.514L296 325.282l138.735 84.111c11.506 6.976 26.499 3.13 33.227-8.523l19.48-33.741c6.728-11.653 2.563-26.559-9.232-33.036z\"><\/path><\/svg><\/span><span class=\"gb-headline-text\">Abrillantat <\/span><\/h4>\n\n\n\n<p class=\"gb-headline gb-headline-7a182882 gb-headline-text\">Apliquem la vibraci\u00f3 per abrillantar peces de diferents formes i mides.<\/p>\n\n<\/div><\/div><\/div>\n\n<div class=\"gb-grid-column gb-grid-column-0e0f4ab4\"><div class=\"gb-container gb-container-0e0f4ab4\"><div class=\"gb-inside-container\">\n\n<h4 class=\"gb-headline gb-headline-de7ff87a\"><span class=\"gb-icon\"><svg aria-hidden=\"true\" role=\"img\" height=\"1em\" width=\"1em\" viewBox=\"0 0 384 512\" xmlns=\"http:\/\/www.w3.org\/2000\/svg\"><path fill=\"currentColor\" d=\"M192 0C79.7 101.3 0 220.9 0 300.5 0 425 79 512 192 512s192-87 192-211.5c0-79.9-80.2-199.6-192-300.5zm0 448c-56.5 0-96-39-96-94.8 0-13.5 4.6-61.5 96-161.2 91.4 99.7 96 147.7 96 161.2 0 55.8-39.5 94.8-96 94.8z\"><\/path><\/svg><\/span><span class=\"gb-headline-text\">Keramofinish<\/span><\/h4>\n\n\n\n<p class=\"gb-headline gb-headline-876b889e gb-headline-text\">Gr\u00e0cies a aquest proc\u00e9s aconseguim un poliment de les superf\u00edcies m\u00e9s fines i una lluentor excel\u00b7lent.<\/p>\n\n<\/div><\/div><\/div>\n\n<div class=\"gb-grid-column gb-grid-column-b3f0c7e6\"><div class=\"gb-container gb-container-b3f0c7e6\"><div class=\"gb-inside-container\">\n\n<h4 class=\"gb-headline gb-headline-c1d9c0e6\"><span class=\"gb-icon\"><svg aria-hidden=\"true\" role=\"img\" height=\"1em\" width=\"1em\" viewBox=\"0 0 512 512\" xmlns=\"http:\/\/www.w3.org\/2000\/svg\"><path fill=\"currentColor\" d=\"M462.3 62.6C407.5 15.9 326 24.3 275.7 76.2L256 96.5l-19.7-20.3C186.1 24.3 104.5 15.9 49.7 62.6c-62.8 53.6-66.1 149.8-9.9 207.9l193.5 199.8c12.5 12.9 32.8 12.9 45.3 0l193.5-199.8c56.3-58.1 53-154.3-9.8-207.9z\"><\/path><\/svg><\/span><span class=\"gb-headline-text\">Cuidem el Medi Ambient<\/span><\/h4>\n\n\n\n<p class=\"gb-headline gb-headline-238e08f8 gb-headline-text\">Apliquem a tots els nostres processos, i especialment a la gesti\u00f3 de residus.<\/p>\n\n<\/div><\/div><\/div>\n<\/div>\n<\/div><\/div>\n\n<div class=\"gb-container gb-container-be280572\"><div class=\"gb-inside-container\">\n<div class=\"gb-grid-wrapper gb-grid-wrapper-2b53e85e\">\n<div class=\"gb-grid-column gb-grid-column-b0d19fba\"><div class=\"gb-container gb-container-b0d19fba\"><div class=\"gb-inside-container\">\n<div class=\"gb-button-wrapper gb-button-wrapper-148107bc\">\n\n<a class=\"gb-button gb-button-43f2c677\" href=\"\/contacto\/\" target=\"_blank\" rel=\"noopener noreferrer\"><span class=\"gb-icon\"><svg aria-hidden=\"true\" role=\"img\" height=\"1em\" width=\"1em\" viewBox=\"0 0 512 512\" xmlns=\"http:\/\/www.w3.org\/2000\/svg\"><path fill=\"currentColor\" d=\"M440 6.5L24 246.4c-34.4 19.9-31.1 70.8 5.7 85.9L144 379.6V464c0 46.4 59.2 65.5 86.6 28.6l43.8-59.1 111.9 46.2c5.9 2.4 12.1 3.6 18.3 3.6 8.2 0 16.3-2.1 23.6-6.2 12.8-7.2 21.6-20 23.9-34.5l59.4-387.2c6.1-40.1-36.9-68.8-71.5-48.9zM192 464v-64.6l36.6 15.1L192 464zm212.6-28.7l-153.8-63.5L391 169.5c10.7-15.5-9.5-33.5-23.7-21.2L155.8 332.6 48 288 464 48l-59.4 387.3z\"><\/path><\/svg><\/span><span class=\"gb-button-text\">Env\u00edanos un plano y te hacemos un presupuesto sin compromiso<\/span><\/a>\n\n<\/div>\n<\/div><\/div><\/div>\n<\/div>\n<\/div><\/div>","protected":false},"excerpt":{"rendered":"<p>ELS NOSTRES PROCESSOS<\/p>\n","protected":false},"author":1,"featured_media":0,"parent":0,"menu_order":0,"comment_status":"closed","ping_status":"closed","template":"","meta":{"footnotes":""},"class_list":["post-9","page","type-page","status-publish"],"_links":{"self":[{"href":"https:\/\/vibrover.com\/cat\/wp-json\/wp\/v2\/pages\/9","targetHints":{"allow":["GET"]}}],"collection":[{"href":"https:\/\/vibrover.com\/cat\/wp-json\/wp\/v2\/pages"}],"about":[{"href":"https:\/\/vibrover.com\/cat\/wp-json\/wp\/v2\/types\/page"}],"author":[{"embeddable":true,"href":"https:\/\/vibrover.com\/cat\/wp-json\/wp\/v2\/users\/1"}],"replies":[{"embeddable":true,"href":"https:\/\/vibrover.com\/cat\/wp-json\/wp\/v2\/comments?post=9"}],"version-history":[{"count":37,"href":"https:\/\/vibrover.com\/cat\/wp-json\/wp\/v2\/pages\/9\/revisions"}],"predecessor-version":[{"id":3955,"href":"https:\/\/vibrover.com\/cat\/wp-json\/wp\/v2\/pages\/9\/revisions\/3955"}],"wp:attachment":[{"href":"https:\/\/vibrover.com\/cat\/wp-json\/wp\/v2\/media?parent=9"}],"curies":[{"name":"wp","href":"https:\/\/api.w.org\/{rel}","templated":true}]}}