{"id":3759,"date":"2022-10-18T10:12:36","date_gmt":"2022-10-18T10:12:36","guid":{"rendered":"https:\/\/vibrover.com\/cat\/?page_id=3759"},"modified":"2023-01-31T22:56:29","modified_gmt":"2023-01-31T22:56:29","slug":"calidad","status":"publish","type":"page","link":"https:\/\/vibrover.com\/cat\/calidad\/","title":{"rendered":"Qualitat"},"content":{"rendered":"\n<p><strong>La qualitat \u00e9s el nostre objectiu central. <\/strong><br>Per a acreditar-ho, a m\u00e9s a m\u00e9s de la confian\u00e7a dels nostres clients, tamb\u00e9 disposen d&#8217;un sistema de gesti\u00f3 de qualitat certificat <br><strong>segons norma <a rel=\"noreferrer noopener\" href=\"\/2021-12%20VIBROVER%20CERTIFICADO%20ISO%209001%202015.pdf\" data-type=\"URL\" data-id=\"\/2021-12%20VIBROVER%20CERTIFICADO%20ISO%209001%202015.pdf\" target=\"_blank\">ISO 9001-2015<\/a> <\/strong>amb maquin\u00e0ria i personal molt qualificat.<\/p>\n\n\n\n<p>Els nostres clients tenen contacte directe amb el m\u00e0xim responsable de Vibrover, ja que qualsevol consulta ha de ser atesa per la persona capa\u00e7 de trobar la soluci\u00f3.<\/p>\n","protected":false},"excerpt":{"rendered":"<p>La qualitat \u00e9s el nostre objectiu central. Per a acreditar-ho, a m\u00e9s a m\u00e9s de la confian\u00e7a dels nostres clients, tamb\u00e9 disposen d&#8217;un sistema de gesti\u00f3 de qualitat certificat segons norma ISO 9001-2015 amb maquin\u00e0ria i personal molt qualificat. Els nostres clients tenen contacte directe amb el m\u00e0xim responsable de Vibrover, ja que qualsevol consulta &#8230; <a title=\"Qualitat\" class=\"read-more\" href=\"https:\/\/vibrover.com\/cat\/calidad\/\" aria-label=\"M\u00e1s en Qualitat\">Leer m\u00e1s<\/a><\/p>\n","protected":false},"author":1,"featured_media":0,"parent":0,"menu_order":0,"comment_status":"closed","ping_status":"closed","template":"","meta":{"footnotes":""},"class_list":["post-3759","page","type-page","status-publish"],"_links":{"self":[{"href":"https:\/\/vibrover.com\/cat\/wp-json\/wp\/v2\/pages\/3759","targetHints":{"allow":["GET"]}}],"collection":[{"href":"https:\/\/vibrover.com\/cat\/wp-json\/wp\/v2\/pages"}],"about":[{"href":"https:\/\/vibrover.com\/cat\/wp-json\/wp\/v2\/types\/page"}],"author":[{"embeddable":true,"href":"https:\/\/vibrover.com\/cat\/wp-json\/wp\/v2\/users\/1"}],"replies":[{"embeddable":true,"href":"https:\/\/vibrover.com\/cat\/wp-json\/wp\/v2\/comments?post=3759"}],"version-history":[{"count":20,"href":"https:\/\/vibrover.com\/cat\/wp-json\/wp\/v2\/pages\/3759\/revisions"}],"predecessor-version":[{"id":3949,"href":"https:\/\/vibrover.com\/cat\/wp-json\/wp\/v2\/pages\/3759\/revisions\/3949"}],"wp:attachment":[{"href":"https:\/\/vibrover.com\/cat\/wp-json\/wp\/v2\/media?parent=3759"}],"curies":[{"name":"wp","href":"https:\/\/api.w.org\/{rel}","templated":true}]}}