{"id":3726,"date":"2022-09-01T21:19:06","date_gmt":"2022-09-01T21:19:06","guid":{"rendered":"https:\/\/vibrover.com\/cat\/?page_id=3726"},"modified":"2023-01-31T22:56:56","modified_gmt":"2023-01-31T22:56:56","slug":"procesos","status":"publish","type":"page","link":"https:\/\/vibrover.com\/cat\/procesos\/","title":{"rendered":"Els nostres processos"},"content":{"rendered":"\n<p><strong>Oferim un nou concepte d&#8217;acabats en el camps de la pulimentaci\u00f3. Tratem gran quantitat de materials i disposem d<\/strong>&#8216;<strong>una \u00e0mplia varietat d&#8217;acabats<\/strong><strong>, desenvolupant solucions rentables i de gran qualitat.<\/strong><\/p>\n\n\n\n<p>Els principals sectors per a l&#8217;aplicaci\u00f3 dels nostres processos son: automoci\u00f3, armament\u00edstica, m\u00e8dic, aeroespacial, joieria, hosteleria, aixetes\u2026<\/p>\n\n\n\n<h2 class=\"gb-headline gb-headline-8d30e0b7 gb-headline-text\">2.1 Poliment per vibraci\u00f3<\/h2>\n\n\n\n<div class=\"wp-block-columns is-layout-flex wp-container-core-columns-is-layout-9d6595d7 wp-block-columns-is-layout-flex\">\n<div class=\"wp-block-column is-layout-flow wp-block-column-is-layout-flow\" style=\"flex-basis:100%\">\n<figure class=\"wp-block-gallery alignwide has-nested-images columns-default is-cropped wp-block-gallery-1 is-layout-flex wp-block-gallery-is-layout-flex\">\n<figure class=\"wp-block-image size-large\"><img loading=\"lazy\" decoding=\"async\" width=\"1024\" height=\"461\" data-id=\"3771\" src=\"https:\/\/vibrover.com\/cat\/wp-content\/uploads\/2022\/10\/20221004_085103-1024x461.jpg\" alt=\"\" class=\"wp-image-3771\" srcset=\"https:\/\/vibrover.com\/cat\/wp-content\/uploads\/2022\/10\/20221004_085103-1024x461.jpg 1024w, https:\/\/vibrover.com\/cat\/wp-content\/uploads\/2022\/10\/20221004_085103-300x135.jpg 300w, https:\/\/vibrover.com\/cat\/wp-content\/uploads\/2022\/10\/20221004_085103-768x346.jpg 768w, https:\/\/vibrover.com\/cat\/wp-content\/uploads\/2022\/10\/20221004_085103-1536x692.jpg 1536w, https:\/\/vibrover.com\/cat\/wp-content\/uploads\/2022\/10\/20221004_085103-2048x922.jpg 2048w\" sizes=\"auto, (max-width: 1024px) 100vw, 1024px\" \/><\/figure>\n\n\n\n<figure class=\"wp-block-image size-large\"><img loading=\"lazy\" decoding=\"async\" width=\"1024\" height=\"461\" data-id=\"3772\" src=\"https:\/\/vibrover.com\/cat\/wp-content\/uploads\/2022\/10\/20221004_105811-1024x461.jpg\" alt=\"\" class=\"wp-image-3772\" srcset=\"https:\/\/vibrover.com\/cat\/wp-content\/uploads\/2022\/10\/20221004_105811-1024x461.jpg 1024w, https:\/\/vibrover.com\/cat\/wp-content\/uploads\/2022\/10\/20221004_105811-300x135.jpg 300w, https:\/\/vibrover.com\/cat\/wp-content\/uploads\/2022\/10\/20221004_105811-768x346.jpg 768w, https:\/\/vibrover.com\/cat\/wp-content\/uploads\/2022\/10\/20221004_105811-1536x692.jpg 1536w, https:\/\/vibrover.com\/cat\/wp-content\/uploads\/2022\/10\/20221004_105811-2048x922.jpg 2048w\" sizes=\"auto, (max-width: 1024px) 100vw, 1024px\" \/><\/figure>\n<\/figure>\n<\/div>\n<\/div>\n\n\n\n<p><strong>El poliment per vibraci\u00f3 es realitza amb la finalitat de: afinar superf\u00edcies, eliminar rebaves, suavitzar planos i arrodonir cantonades. <\/strong><\/p>\n\n\n\n<p>Amb aquest proc\u00e9s podem redu\u00efr operacions manuals i abaratir costos de les peces. <br>\u00c9s aconsellable per a peces petites i\/o grans volums, tamb\u00e9 per a peces de dif\u00edcil acc\u00e9s. <br>Per fer aquest acabat, disposem de diferents tamanys de m\u00e0quines, i una \u00e0mplia gama de xips (abrasius) i productes per donar l&#8217;acabat desitjat pel client. <br>Els abrasius (xips) poden tenir diferents formes, tamanys i qualitats de tall. Tenim Ureas, poli\u00e8ster, cer\u00e0mica, porcellanes, fustes, etc\u2026<\/p>\n\n\n\n<p><\/p>\n\n\n\n<h2 class=\"gb-headline gb-headline-6b4a2df9 gb-headline-text\">2.2 Abrillantat o brunyit<\/h2>\n\n\n\n<figure class=\"wp-block-gallery has-nested-images columns-default is-cropped wp-block-gallery-2 is-layout-flex wp-block-gallery-is-layout-flex\">\n<figure class=\"wp-block-image size-large\"><img loading=\"lazy\" decoding=\"async\" width=\"1024\" height=\"461\" data-id=\"3777\" src=\"https:\/\/vibrover.com\/cat\/wp-content\/uploads\/2022\/10\/20221004_123002-1024x461.jpg\" alt=\"\" class=\"wp-image-3777\" srcset=\"https:\/\/vibrover.com\/cat\/wp-content\/uploads\/2022\/10\/20221004_123002-1024x461.jpg 1024w, https:\/\/vibrover.com\/cat\/wp-content\/uploads\/2022\/10\/20221004_123002-300x135.jpg 300w, https:\/\/vibrover.com\/cat\/wp-content\/uploads\/2022\/10\/20221004_123002-768x346.jpg 768w, https:\/\/vibrover.com\/cat\/wp-content\/uploads\/2022\/10\/20221004_123002-1536x692.jpg 1536w, https:\/\/vibrover.com\/cat\/wp-content\/uploads\/2022\/10\/20221004_123002-2048x922.jpg 2048w\" sizes=\"auto, (max-width: 1024px) 100vw, 1024px\" \/><\/figure>\n\n\n\n<figure class=\"wp-block-image size-large\"><img loading=\"lazy\" decoding=\"async\" width=\"1024\" height=\"461\" data-id=\"3778\" src=\"https:\/\/vibrover.com\/cat\/wp-content\/uploads\/2022\/10\/20221004_123308-1024x461.jpg\" alt=\"\" class=\"wp-image-3778\" srcset=\"https:\/\/vibrover.com\/cat\/wp-content\/uploads\/2022\/10\/20221004_123308-1024x461.jpg 1024w, https:\/\/vibrover.com\/cat\/wp-content\/uploads\/2022\/10\/20221004_123308-300x135.jpg 300w, https:\/\/vibrover.com\/cat\/wp-content\/uploads\/2022\/10\/20221004_123308-768x346.jpg 768w, https:\/\/vibrover.com\/cat\/wp-content\/uploads\/2022\/10\/20221004_123308-1536x692.jpg 1536w, https:\/\/vibrover.com\/cat\/wp-content\/uploads\/2022\/10\/20221004_123308-2048x922.jpg 2048w\" sizes=\"auto, (max-width: 1024px) 100vw, 1024px\" \/><\/figure>\n<\/figure>\n\n\n\n<p><strong>Aplicaquem la vibraci\u00f3 per a abrillantar, brunyir, peces de diferents formes i tamanys.<\/strong><\/p>\n\n\n\n<p>Aqu\u00ed apliquem com a abrasiu (xip) la bola d&#8217;acer, que juntament amb aigua i productes qu\u00edmics, abrillantares qualsevol tipus de material, llaut\u00f3, acer, coure, alumini., peces amb racons de dif\u00edcil acc\u00e9s, pe\u00e7a gran, petita\u2026<\/p>\n\n\n\n<p><\/p>\n\n\n\n<h2 class=\"gb-headline gb-headline-f55ce34f gb-headline-text\">2.3 Keramofinish<\/h2>\n\n\n\n<p><strong>Un proc\u00e9s amb el que aconseguim un pulit de les superf\u00edcies m\u00e9s fi i una lluentor m\u00e9s alta, on es pot arribar a un RA=0,2.<\/strong><\/p>\n\n\n\n<p>\u00c9s un proc\u00e9s de llarga duraci\u00f3 amb pastes i aditius per aconseguir un poliment m\u00e9s brillant, simulant un poliment manual.<\/p>\n","protected":false},"excerpt":{"rendered":"<p>Oferim un nou concepte d&#8217;acabats en el camps de la pulimentaci\u00f3. Tratem gran quantitat de materials i disposem d&#8216;una \u00e0mplia varietat d&#8217;acabats, desenvolupant solucions rentables i de gran qualitat. Els principals sectors per a l&#8217;aplicaci\u00f3 dels nostres processos son: automoci\u00f3, armament\u00edstica, m\u00e8dic, aeroespacial, joieria, hosteleria, aixetes\u2026 2.1 Poliment per vibraci\u00f3 El poliment per vibraci\u00f3 es &#8230; <a title=\"Els nostres processos\" class=\"read-more\" href=\"https:\/\/vibrover.com\/cat\/procesos\/\" aria-label=\"M\u00e1s en Els nostres processos\">Leer m\u00e1s<\/a><\/p>\n","protected":false},"author":1,"featured_media":0,"parent":0,"menu_order":0,"comment_status":"closed","ping_status":"closed","template":"","meta":{"footnotes":""},"class_list":["post-3726","page","type-page","status-publish"],"_links":{"self":[{"href":"https:\/\/vibrover.com\/cat\/wp-json\/wp\/v2\/pages\/3726","targetHints":{"allow":["GET"]}}],"collection":[{"href":"https:\/\/vibrover.com\/cat\/wp-json\/wp\/v2\/pages"}],"about":[{"href":"https:\/\/vibrover.com\/cat\/wp-json\/wp\/v2\/types\/page"}],"author":[{"embeddable":true,"href":"https:\/\/vibrover.com\/cat\/wp-json\/wp\/v2\/users\/1"}],"replies":[{"embeddable":true,"href":"https:\/\/vibrover.com\/cat\/wp-json\/wp\/v2\/comments?post=3726"}],"version-history":[{"count":16,"href":"https:\/\/vibrover.com\/cat\/wp-json\/wp\/v2\/pages\/3726\/revisions"}],"predecessor-version":[{"id":3950,"href":"https:\/\/vibrover.com\/cat\/wp-json\/wp\/v2\/pages\/3726\/revisions\/3950"}],"wp:attachment":[{"href":"https:\/\/vibrover.com\/cat\/wp-json\/wp\/v2\/media?parent=3726"}],"curies":[{"name":"wp","href":"https:\/\/api.w.org\/{rel}","templated":true}]}}